{"id":14,"date":"2021-03-20T12:56:07","date_gmt":"2021-03-20T12:56:07","guid":{"rendered":"https:\/\/magnum-znin.pl\/?page_id=14"},"modified":"2022-06-03T13:20:22","modified_gmt":"2022-06-03T13:20:22","slug":"transport","status":"publish","type":"page","link":"https:\/\/magnum-znin.pl\/?page_id=14","title":{"rendered":"Transport"},"content":{"rendered":"<p>[et_pb_section fb_built=&#8221;1&#8243; fullwidth=&#8221;on&#8221; _builder_version=&#8221;4.9.2&#8243; _module_preset=&#8221;default&#8221;][et_pb_fullwidth_slider _builder_version=&#8221;4.9.3&#8243; _module_preset=&#8221;default&#8221; background_color=&#8221;#FFFFFF&#8221; width=&#8221;100%&#8221; max_width=&#8221;100%&#8221; module_alignment=&#8221;center&#8221; content_width=&#8221;100%&#8221; min_height=&#8221;100px&#8221; custom_margin=&#8221;||||false|false&#8221; custom_padding=&#8221;|7px|||false|false&#8221; animation_style=&#8221;fade&#8221; animation_duration=&#8221;500ms&#8221; animation_speed_curve=&#8221;ease-in&#8221; auto=&#8221;on&#8221; auto_speed=&#8221;9000&#8243; auto_ignore_hover=&#8221;on&#8221; hover_transition_duration=&#8221;50ms&#8221; hover_enabled=&#8221;0&#8243; global_module=&#8221;40&#8243; sticky_enabled=&#8221;0&#8243;][et_pb_slide _builder_version=&#8221;4.9.3&#8243; _module_preset=&#8221;default&#8221; title_text=&#8221;car3&#8243; background_image=&#8221;https:\/\/magnum-znin.pl\/wp-content\/uploads\/2022\/06\/car3.png&#8221; background_enable_image=&#8221;on&#8221; hover_enabled=&#8221;0&#8243; sticky_enabled=&#8221;0&#8243;][\/et_pb_slide][et_pb_slide _builder_version=&#8221;4.9.3&#8243; _module_preset=&#8221;default&#8221; background_image=&#8221;https:\/\/magnum-znin.pl\/wp-content\/uploads\/2022\/06\/elewator6.png&#8221; background_enable_image=&#8221;on&#8221; sticky_transition=&#8221;on&#8221;][\/et_pb_slide][et_pb_slide _builder_version=&#8221;4.9.3&#8243; _module_preset=&#8221;default&#8221; use_background_color_gradient=&#8221;on&#8221; background_image=&#8221;https:\/\/magnum-znin.pl\/wp-content\/uploads\/2022\/06\/car2.png&#8221; background_enable_image=&#8221;on&#8221; sticky_transition=&#8221;on&#8221;][\/et_pb_slide][et_pb_slide _builder_version=&#8221;4.9.3&#8243; _module_preset=&#8221;default&#8221; background_image=&#8221;https:\/\/magnum-znin.pl\/wp-content\/uploads\/2022\/06\/elewator7.png&#8221; background_enable_image=&#8221;on&#8221; sticky_transition=&#8221;on&#8221;][\/et_pb_slide][\/et_pb_fullwidth_slider][\/et_pb_section][et_pb_section fb_built=&#8221;1&#8243; _builder_version=&#8221;4.9.2&#8243; _module_preset=&#8221;default&#8221; custom_padding=&#8221;||0px|||&#8221;][et_pb_row _builder_version=&#8221;4.9.2&#8243; _module_preset=&#8221;default&#8221; custom_padding=&#8221;1px|||||&#8221;][et_pb_column type=&#8221;4_4&#8243; _builder_version=&#8221;4.9.2&#8243; _module_preset=&#8221;default&#8221;][et_pb_text _builder_version=&#8221;4.9.3&#8243; _module_preset=&#8221;default&#8221;]<\/p>\n<h3><strong><span style=\"color: #4165ae;\">Transport<\/span><\/strong><\/h3>\n<p><strong><span style=\"color: #4165ae;\"><\/span><\/strong><\/p>\n<p>Wykonujemy\u00a0 krajowy i mi\u0119dzynarodowy transport obs\u0142uguj\u0105c naszych klient\u00f3w kompleksowo. Zakres \u00a0transportu obejmuje przew\u00f3z \u00a0towar\u00f3w sypkich zabezpieczonych certyfikatem GMP+, \u00a0\u00a0\u00a0oraz \u015bwiadczymy \u00a0\u00a0us\u0142ugi transportowe dla towar\u00f3w p\u0142ynnych \u00a0cysternami .<\/p>\n<p>Ka\u017cdy transport jest ubezpieczony i monitorowany przez sprawdzony system GPS.<\/p>\n<p>Wieloletnie do\u015bwiadczenie, nowoczesny sprz\u0119t i wykwalifikowana kadra pracownik\u00f3w to elementy, dzi\u0119ki kt\u00f3rym mog\u0105 by\u0107 Pa\u0144stwo pewni, \u017ce zlecona us\u0142uga b\u0119dzie wykonana w najwy\u017cszej jako\u015bci.<\/p>\n<p>[\/et_pb_text][\/et_pb_column][\/et_pb_row][et_pb_row _builder_version=&#8221;4.9.2&#8243; _module_preset=&#8221;default&#8221; custom_padding=&#8221;||4px|||&#8221;][et_pb_column type=&#8221;4_4&#8243; _builder_version=&#8221;4.9.2&#8243; _module_preset=&#8221;default&#8221;][et_pb_divider _builder_version=&#8221;4.9.2&#8243; _module_preset=&#8221;default&#8221;][\/et_pb_divider][\/et_pb_column][\/et_pb_row][et_pb_row column_structure=&#8221;1_2,1_2&#8243; _builder_version=&#8221;4.9.2&#8243; _module_preset=&#8221;default&#8221; min_height=&#8221;329.4px&#8221; custom_padding=&#8221;||5px|||&#8221;][et_pb_column type=&#8221;1_2&#8243; _builder_version=&#8221;4.9.2&#8243; _module_preset=&#8221;default&#8221;][et_pb_image src=&#8221;https:\/\/magnum-znin.pl\/wp-content\/uploads\/2022\/06\/page2-img1-1.png&#8221; title_text=&#8221;page2-img1&#8243; align=&#8221;center&#8221; _builder_version=&#8221;4.9.3&#8243; _module_preset=&#8221;default&#8221;][\/et_pb_image][et_pb_divider _builder_version=&#8221;4.9.2&#8243; _module_preset=&#8221;default&#8221;][\/et_pb_divider][et_pb_text _builder_version=&#8221;4.9.3&#8243; _module_preset=&#8221;default&#8221;]<\/p>\n<p>W dniu dzisiejszym firma\u00a0 dysponuje nast\u0119puj\u0105cymi \u015brodkami transportowymi:<\/p>\n<p>&#8211; 25 zestaw\u00f3w o \u0142adowno\u015bci 26T (ci\u0105gnik + naczepa wywrotka ), naczepy s\u0105\u00a0\u00a0\u00a0\u00a0 kryte opo\u0144cz\u0105\u00a0 z mo\u017cliwo\u015bci\u0105 \u201eg\u00f3rnego\u201d za\u0142adunku, tylnozsypowe\u00a0 z szybrem, wyposa\u017cone w r\u0119kaw p\/py\u0142owy<\/p>\n<p style=\"text-align: left;\">&#8211; 10 \u00a0zestaw\u00f3w ci\u0105gnik + cysterna z ADR<\/p>\n<p>[\/et_pb_text][\/et_pb_column][et_pb_column type=&#8221;1_2&#8243; _builder_version=&#8221;4.9.2&#8243; _module_preset=&#8221;default&#8221;][et_pb_text _builder_version=&#8221;4.9.3&#8243; _module_preset=&#8221;default&#8221;]<\/p>\n<p>Nowoczesna flota wyposa\u017cona jest \u00a0w ci\u0105gniki siod\u0142owe zasilane gazem pozwalaj\u0105 nam porusza\u0107 si\u0119 po drogach \u00a0niskoemisyjnie w codziennej eksploatacji. Nowoczesne rozwi\u0105zania\u00a0 technologiczne s\u0105 przyjazne \u015brodowisku a tabor dostosowany jest do przewozu towar\u00f3w minimalizuj\u0105c szkodliwy wp\u0142yw \u015brodka transportu na \u015brodowisko.<\/p>\n<p>[\/et_pb_text][\/et_pb_column][\/et_pb_row][\/et_pb_section][et_pb_section fb_built=&#8221;1&#8243; _builder_version=&#8221;4.9.3&#8243; _module_preset=&#8221;default&#8221; custom_padding=&#8221;3px||5px|||&#8221;][et_pb_row _builder_version=&#8221;4.9.3&#8243; _module_preset=&#8221;default&#8221; custom_padding=&#8221;2px||3px|||&#8221;][et_pb_column type=&#8221;4_4&#8243; _builder_version=&#8221;4.9.3&#8243; _module_preset=&#8221;default&#8221;][et_pb_divider _builder_version=&#8221;4.9.3&#8243; _module_preset=&#8221;default&#8221;][\/et_pb_divider][\/et_pb_column][\/et_pb_row][\/et_pb_section]<\/p>\n","protected":false},"excerpt":{"rendered":"<p>Transport Wykonujemy\u00a0 krajowy i mi\u0119dzynarodowy transport obs\u0142uguj\u0105c naszych klient\u00f3w kompleksowo. Zakres \u00a0transportu obejmuje przew\u00f3z \u00a0towar\u00f3w sypkich zabezpieczonych certyfikatem GMP+, \u00a0\u00a0\u00a0oraz \u015bwiadczymy \u00a0\u00a0us\u0142ugi transportowe dla towar\u00f3w p\u0142ynnych \u00a0cysternami . Ka\u017cdy transport jest ubezpieczony i monitorowany przez sprawdzony system GPS. Wieloletnie do\u015bwiadczenie, nowoczesny sprz\u0119t i wykwalifikowana kadra pracownik\u00f3w to elementy, dzi\u0119ki kt\u00f3rym mog\u0105 by\u0107 Pa\u0144stwo pewni, \u017ce [&hellip;]<\/p>\n","protected":false},"author":1,"featured_media":0,"parent":0,"menu_order":0,"comment_status":"closed","ping_status":"closed","template":"","meta":{"_et_pb_use_builder":"on","_et_pb_old_content":"","_et_gb_content_width":"","footnotes":""},"class_list":["post-14","page","type-page","status-publish","hentry"],"_links":{"self":[{"href":"https:\/\/magnum-znin.pl\/index.php?rest_route=\/wp\/v2\/pages\/14","targetHints":{"allow":["GET"]}}],"collection":[{"href":"https:\/\/magnum-znin.pl\/index.php?rest_route=\/wp\/v2\/pages"}],"about":[{"href":"https:\/\/magnum-znin.pl\/index.php?rest_route=\/wp\/v2\/types\/page"}],"author":[{"embeddable":true,"href":"https:\/\/magnum-znin.pl\/index.php?rest_route=\/wp\/v2\/users\/1"}],"replies":[{"embeddable":true,"href":"https:\/\/magnum-znin.pl\/index.php?rest_route=%2Fwp%2Fv2%2Fcomments&post=14"}],"version-history":[{"count":28,"href":"https:\/\/magnum-znin.pl\/index.php?rest_route=\/wp\/v2\/pages\/14\/revisions"}],"predecessor-version":[{"id":481,"href":"https:\/\/magnum-znin.pl\/index.php?rest_route=\/wp\/v2\/pages\/14\/revisions\/481"}],"wp:attachment":[{"href":"https:\/\/magnum-znin.pl\/index.php?rest_route=%2Fwp%2Fv2%2Fmedia&parent=14"}],"curies":[{"name":"wp","href":"https:\/\/api.w.org\/{rel}","templated":true}]}}