{"id":19,"date":"2021-03-20T12:59:12","date_gmt":"2021-03-20T12:59:12","guid":{"rendered":"https:\/\/magnum-znin.pl\/?page_id=19"},"modified":"2022-06-03T07:27:28","modified_gmt":"2022-06-03T07:27:28","slug":"rolnictwo","status":"publish","type":"page","link":"https:\/\/magnum-znin.pl\/?page_id=19","title":{"rendered":"Rolnictwo"},"content":{"rendered":"<p>[et_pb_section fb_built=&#8221;1&#8243; fullwidth=&#8221;on&#8221; _builder_version=&#8221;4.9.2&#8243; _module_preset=&#8221;default&#8221;][et_pb_fullwidth_slider show_arrows=&#8221;off&#8221; _builder_version=&#8221;4.9.3&#8243; _module_preset=&#8221;default&#8221; background_color=&#8221;#FFFFFF&#8221; width=&#8221;100%&#8221; max_width=&#8221;100%&#8221; module_alignment=&#8221;center&#8221; content_width=&#8221;100%&#8221; min_height=&#8221;100px&#8221; custom_margin=&#8221;||||false|false&#8221; custom_padding=&#8221;|7px|||false|false&#8221; animation_style=&#8221;fade&#8221; animation_duration=&#8221;500ms&#8221; animation_speed_curve=&#8221;ease-in&#8221; auto=&#8221;on&#8221; auto_speed=&#8221;9000&#8243; auto_ignore_hover=&#8221;on&#8221; hover_transition_duration=&#8221;50ms&#8221; global_module=&#8221;40&#8243;][et_pb_slide _builder_version=&#8221;4.9.3&#8243; _module_preset=&#8221;default&#8221; background_image=&#8221;https:\/\/magnum-znin.pl\/wp-content\/uploads\/2022\/06\/AdobeStock_404751274-1024&#215;394-1.jpg&#8221; background_enable_image=&#8221;on&#8221; hover_transition_duration=&#8221;100ms&#8221; sticky_transition=&#8221;on&#8221;][\/et_pb_slide][et_pb_slide _builder_version=&#8221;4.9.3&#8243; _module_preset=&#8221;default&#8221; background_image=&#8221;https:\/\/magnum-znin.pl\/wp-content\/uploads\/2022\/06\/elewator1.jpg&#8221; background_enable_image=&#8221;on&#8221; sticky_transition=&#8221;on&#8221;][\/et_pb_slide][et_pb_slide _builder_version=&#8221;4.9.3&#8243; _module_preset=&#8221;default&#8221; use_background_color_gradient=&#8221;on&#8221; background_image=&#8221;https:\/\/magnum-znin.pl\/wp-content\/uploads\/2022\/06\/diagnostyczna.jpg&#8221; background_enable_image=&#8221;on&#8221; sticky_transition=&#8221;on&#8221;][\/et_pb_slide][\/et_pb_fullwidth_slider][\/et_pb_section][et_pb_section fb_built=&#8221;1&#8243; _builder_version=&#8221;4.9.2&#8243; _module_preset=&#8221;default&#8221; min_height=&#8221;287px&#8221; custom_margin=&#8221;||-1px|||&#8221; custom_padding=&#8221;3px||1px|||&#8221;][et_pb_row _builder_version=&#8221;4.9.2&#8243; _module_preset=&#8221;default&#8221; custom_padding=&#8221;47px||15px|||&#8221;][et_pb_column type=&#8221;4_4&#8243; _builder_version=&#8221;4.9.2&#8243; _module_preset=&#8221;default&#8221;][et_pb_text _builder_version=&#8221;4.9.3&#8243; _module_preset=&#8221;default&#8221; custom_padding=&#8221;||15px|||&#8221; hover_enabled=&#8221;0&#8243; sticky_enabled=&#8221;0&#8243;]<\/p>\n<h3><strong><span style=\"color: #4165ae;\">Us\u0142ugi rolnicze<\/span><\/strong><\/h3>\n<p>&nbsp;<\/p>\n<p>Nasza firma \u00a0\u015bwiadczy us\u0142ugi rolnicze. Posiadamy wykwalifikowan\u0105 i do\u015bwiadczon\u0105 kadr\u0119, dzi\u0119ki czemu sprz\u0119t jest utrzymany na najwy\u017cszym poziomie technicznym i technologicznym, aby prowadzi\u0107 wszechstronne us\u0142ugi uprawy zb\u00f3\u017c i kukurydzy oraz transport i wykup plon\u00f3w. Oferujemy pe\u0142en zakres us\u0142ug &#8211; od sprzeda\u017cy nasion, g\u0142\u0119bokiej \u00a0orki a\u017c po zbi\u00f3r i skup p\u0142od\u00f3w .<\/p>\n<p>[\/et_pb_text][\/et_pb_column][\/et_pb_row][et_pb_row _builder_version=&#8221;4.9.2&#8243; _module_preset=&#8221;default&#8221; custom_padding=&#8221;||4px|||&#8221;][et_pb_column type=&#8221;4_4&#8243; _builder_version=&#8221;4.9.2&#8243; _module_preset=&#8221;default&#8221;][et_pb_divider _builder_version=&#8221;4.9.2&#8243; _module_preset=&#8221;default&#8221;][\/et_pb_divider][\/et_pb_column][\/et_pb_row][\/et_pb_section][et_pb_section fb_built=&#8221;1&#8243; _builder_version=&#8221;4.9.3&#8243; _module_preset=&#8221;default&#8221; custom_margin=&#8221;2px|||||&#8221; custom_padding=&#8221;0px|||||&#8221;][et_pb_row column_structure=&#8221;1_2,1_2&#8243; _builder_version=&#8221;4.9.3&#8243; _module_preset=&#8221;default&#8221;][et_pb_column type=&#8221;1_2&#8243; _builder_version=&#8221;4.9.3&#8243; _module_preset=&#8221;default&#8221;][et_pb_text _builder_version=&#8221;4.9.3&#8243; _module_preset=&#8221;default&#8221;]<\/p>\n<p>W ofercie mamy siew kukurydzy, burak\u00f3w i zb\u00f3\u017c oraz ich upraw\u0119. Zajmujemy \u00a0si\u0119 zbiorami \u2013 koszenie na ziarno , zbi\u00f3r na siano . Nasza kadra sk\u0142ada si\u0119 z wykwalifikowanych profesjonalist\u00f3w z du\u017cym do\u015bwiadczeniem.<\/p>\n<p>\u015awiadczymy tradycyjne us\u0142ugi rolnicze \u00a0om\u0142ot zb\u00f3\u017c, kopanie, czyszczenie i transport burak\u00f3w, kostkowanie s\u0142omy pras\u0105 kostkuj\u0105ca wysokiego zgniotu. Dzi\u0119ki d\u0142ugiej obecno\u015bci na rynku szczycimy si\u0119 stosowaniem sprawdzonych technologii upraw, nawo\u017cenia i ochrony ro\u015blin.<\/p>\n<p>[\/et_pb_text][\/et_pb_column][et_pb_column type=&#8221;1_2&#8243; _builder_version=&#8221;4.9.3&#8243; _module_preset=&#8221;default&#8221;][et_pb_image src=&#8221;https:\/\/magnum-znin.pl\/wp-content\/uploads\/2022\/06\/kukurydza.jpg&#8221; title_text=&#8221;Pole m\u0142odej rosn\u0105cej kukurydzy.&#8221; align=&#8221;center&#8221; _builder_version=&#8221;4.9.3&#8243; _module_preset=&#8221;default&#8221;][\/et_pb_image][\/et_pb_column][\/et_pb_row][\/et_pb_section]<\/p>\n","protected":false},"excerpt":{"rendered":"<p>Us\u0142ugi rolnicze &nbsp; Nasza firma \u00a0\u015bwiadczy us\u0142ugi rolnicze. Posiadamy wykwalifikowan\u0105 i do\u015bwiadczon\u0105 kadr\u0119, dzi\u0119ki czemu sprz\u0119t jest utrzymany na najwy\u017cszym poziomie technicznym i technologicznym, aby prowadzi\u0107 wszechstronne us\u0142ugi uprawy zb\u00f3\u017c i kukurydzy oraz transport i wykup plon\u00f3w. Oferujemy pe\u0142en zakres us\u0142ug &#8211; od sprzeda\u017cy nasion, g\u0142\u0119bokiej \u00a0orki a\u017c po zbi\u00f3r i skup p\u0142od\u00f3w .W ofercie [&hellip;]<\/p>\n","protected":false},"author":1,"featured_media":0,"parent":0,"menu_order":0,"comment_status":"closed","ping_status":"closed","template":"","meta":{"_et_pb_use_builder":"on","_et_pb_old_content":"","_et_gb_content_width":"","footnotes":""},"class_list":["post-19","page","type-page","status-publish","hentry"],"_links":{"self":[{"href":"https:\/\/magnum-znin.pl\/index.php?rest_route=\/wp\/v2\/pages\/19","targetHints":{"allow":["GET"]}}],"collection":[{"href":"https:\/\/magnum-znin.pl\/index.php?rest_route=\/wp\/v2\/pages"}],"about":[{"href":"https:\/\/magnum-znin.pl\/index.php?rest_route=\/wp\/v2\/types\/page"}],"author":[{"embeddable":true,"href":"https:\/\/magnum-znin.pl\/index.php?rest_route=\/wp\/v2\/users\/1"}],"replies":[{"embeddable":true,"href":"https:\/\/magnum-znin.pl\/index.php?rest_route=%2Fwp%2Fv2%2Fcomments&post=19"}],"version-history":[{"count":29,"href":"https:\/\/magnum-znin.pl\/index.php?rest_route=\/wp\/v2\/pages\/19\/revisions"}],"predecessor-version":[{"id":441,"href":"https:\/\/magnum-znin.pl\/index.php?rest_route=\/wp\/v2\/pages\/19\/revisions\/441"}],"wp:attachment":[{"href":"https:\/\/magnum-znin.pl\/index.php?rest_route=%2Fwp%2Fv2%2Fmedia&parent=19"}],"curies":[{"name":"wp","href":"https:\/\/api.w.org\/{rel}","templated":true}]}}