{"id":92,"date":"2021-03-20T16:02:19","date_gmt":"2021-03-20T16:02:19","guid":{"rendered":"https:\/\/magnum-znin.pl\/?page_id=92"},"modified":"2022-06-03T11:18:26","modified_gmt":"2022-06-03T11:18:26","slug":"start","status":"publish","type":"page","link":"https:\/\/magnum-znin.pl\/","title":{"rendered":"O nas"},"content":{"rendered":"<p>[et_pb_section fb_built=&#8221;1&#8243; fullwidth=&#8221;on&#8221; _builder_version=&#8221;4.9.2&#8243; _module_preset=&#8221;default&#8221;][et_pb_fullwidth_slider _builder_version=&#8221;4.9.3&#8243; _module_preset=&#8221;default&#8221; background_color=&#8221;#FFFFFF&#8221; width=&#8221;100%&#8221; max_width=&#8221;100%&#8221; module_alignment=&#8221;center&#8221; content_width=&#8221;100%&#8221; min_height=&#8221;100px&#8221; custom_margin=&#8221;||||false|false&#8221; custom_padding=&#8221;|7px|||false|false&#8221; animation_style=&#8221;fade&#8221; animation_duration=&#8221;500ms&#8221; animation_speed_curve=&#8221;ease-in&#8221; auto=&#8221;on&#8221; auto_speed=&#8221;9000&#8243; auto_ignore_hover=&#8221;on&#8221; hover_transition_duration=&#8221;50ms&#8221; hover_enabled=&#8221;0&#8243; global_module=&#8221;40&#8243; sticky_enabled=&#8221;0&#8243;][et_pb_slide _builder_version=&#8221;4.9.3&#8243; _module_preset=&#8221;default&#8221; background_image=&#8221;https:\/\/magnum-znin.pl\/wp-content\/uploads\/2022\/06\/AdobeStock_404751274-1024&#215;394-1.jpg&#8221; background_enable_image=&#8221;on&#8221; hover_transition_duration=&#8221;100ms&#8221; sticky_transition=&#8221;on&#8221;][\/et_pb_slide][et_pb_slide _builder_version=&#8221;4.9.3&#8243; _module_preset=&#8221;default&#8221; background_image=&#8221;https:\/\/magnum-znin.pl\/wp-content\/uploads\/2022\/06\/elewator1.jpg&#8221; background_enable_image=&#8221;on&#8221; sticky_transition=&#8221;on&#8221;][\/et_pb_slide][et_pb_slide _builder_version=&#8221;4.9.3&#8243; _module_preset=&#8221;default&#8221; use_background_color_gradient=&#8221;on&#8221; background_image=&#8221;https:\/\/magnum-znin.pl\/wp-content\/uploads\/2022\/06\/diagnostyczna.jpg&#8221; background_enable_image=&#8221;on&#8221; sticky_transition=&#8221;on&#8221;][\/et_pb_slide][et_pb_slide _builder_version=&#8221;4.9.3&#8243; _module_preset=&#8221;default&#8221; title_text=&#8221;Businessman using tablet on logistic network distribution and sm&#8221; background_image=&#8221;https:\/\/magnum-znin.pl\/wp-content\/uploads\/2022\/06\/transport5.jpg&#8221; background_enable_image=&#8221;on&#8221; hover_enabled=&#8221;0&#8243; sticky_enabled=&#8221;0&#8243;][\/et_pb_slide][\/et_pb_fullwidth_slider][\/et_pb_section][et_pb_section fb_built=&#8221;1&#8243; _builder_version=&#8221;4.9.2&#8243; _module_preset=&#8221;default&#8221; custom_padding=&#8221;||4px|||&#8221;][et_pb_row _builder_version=&#8221;4.9.2&#8243; _module_preset=&#8221;default&#8221; custom_margin=&#8221;-3px|auto||auto||&#8221; custom_padding=&#8221;3px|||||&#8221;][et_pb_column type=&#8221;4_4&#8243; _builder_version=&#8221;4.9.2&#8243; _module_preset=&#8221;default&#8221;][et_pb_text _builder_version=&#8221;4.9.3&#8243; _module_preset=&#8221;default&#8221; custom_margin=&#8221;||-5px|||&#8221;]<\/p>\n<div class=\"text2\">\n<h3><strong><span style=\"color: #4165ae;\">O nas<\/span><\/strong><\/h3>\n<p><strong><span style=\"color: #4165ae;\"><\/span><\/strong><br \/>\n<\/br>\n<\/div>\n<div class=\"text3\">\n<p>Firma P W MAGNUM Wojciech Czajka z siedzib\u0105 w miejscowo\u015bci \u017bnin, \u015bwiadczy swoje us\u0142ugi transportowe w PL i krajach o\u015bciennych. Pocz\u0105tkowo firma rozpoczyna\u0142a swoj\u0105 dzia\u0142alno\u015b\u0107 od pojedynczych samochod\u00f3w ci\u0119\u017carowych, kt\u00f3re wykorzystywane by\u0142y do zaspokajania w\u0142asnych potrzeb.<\/p>\n<p>Obecnie zakres dzia\u0142alno\u015bci transportowej przedsi\u0119biorstwa obejmuje \u015bwiadczenie us\u0142ug m.in: transport materia\u0142\u00f3w sypkich, p\u0142ynnych oraz przewo\u017conych w warunkach ch\u0142odniczych, a tak\u017ce \u015bwiadczenie us\u0142ug motoryzacyjnych . Mobilno\u015b\u0107 to przywilej ale i obowi\u0105zek , dlatego wychodz\u0105c naprzeciw w\u0142a\u015bcicielom pojazd\u00f3w proponujemy korzystanie z naszych us\u0142ug na stacji paliw, stacji diagnostycznej i myjniach bezdotykowych.<\/p>\n<p>Jedn\u0105 z mocno rozwijaj\u0105cych si\u0119 ga\u0142\u0119zi w przedsi\u0119biorstwie jest rolnictwo oraz \u015bwiadczenie us\u0142ug na potrzeby rolnicze.<\/p>\n<p>Zapraszamy do zapoznania si\u0119 z nasza ofert\u0105.<\/p>\n<\/div>\n<p>[\/et_pb_text][\/et_pb_column][\/et_pb_row][et_pb_row _builder_version=&#8221;4.9.2&#8243; _module_preset=&#8221;default&#8221; min_height=&#8221;0px&#8221; custom_margin=&#8221;-4px|auto||auto||&#8221; custom_padding=&#8221;5px||1px|||&#8221;][et_pb_column type=&#8221;4_4&#8243; _builder_version=&#8221;4.9.2&#8243; _module_preset=&#8221;default&#8221;][et_pb_divider _builder_version=&#8221;4.9.2&#8243; _module_preset=&#8221;default&#8221; custom_margin=&#8221;-3px|||||&#8221;][\/et_pb_divider][\/et_pb_column][\/et_pb_row][\/et_pb_section]<\/p>\n","protected":false},"excerpt":{"rendered":"<p>O nas Firma P W MAGNUM Wojciech Czajka z siedzib\u0105 w miejscowo\u015bci \u017bnin, \u015bwiadczy swoje us\u0142ugi transportowe w PL i krajach o\u015bciennych. Pocz\u0105tkowo firma rozpoczyna\u0142a swoj\u0105 dzia\u0142alno\u015b\u0107 od pojedynczych samochod\u00f3w ci\u0119\u017carowych, kt\u00f3re wykorzystywane by\u0142y do zaspokajania w\u0142asnych potrzeb. Obecnie zakres dzia\u0142alno\u015bci transportowej przedsi\u0119biorstwa obejmuje \u015bwiadczenie us\u0142ug m.in: transport materia\u0142\u00f3w sypkich, p\u0142ynnych oraz przewo\u017conych w warunkach [&hellip;]<\/p>\n","protected":false},"author":1,"featured_media":0,"parent":0,"menu_order":0,"comment_status":"closed","ping_status":"closed","template":"","meta":{"_et_pb_use_builder":"on","_et_pb_old_content":"","_et_gb_content_width":"","footnotes":""},"class_list":["post-92","page","type-page","status-publish","hentry"],"_links":{"self":[{"href":"https:\/\/magnum-znin.pl\/index.php?rest_route=\/wp\/v2\/pages\/92","targetHints":{"allow":["GET"]}}],"collection":[{"href":"https:\/\/magnum-znin.pl\/index.php?rest_route=\/wp\/v2\/pages"}],"about":[{"href":"https:\/\/magnum-znin.pl\/index.php?rest_route=\/wp\/v2\/types\/page"}],"author":[{"embeddable":true,"href":"https:\/\/magnum-znin.pl\/index.php?rest_route=\/wp\/v2\/users\/1"}],"replies":[{"embeddable":true,"href":"https:\/\/magnum-znin.pl\/index.php?rest_route=%2Fwp%2Fv2%2Fcomments&post=92"}],"version-history":[{"count":38,"href":"https:\/\/magnum-znin.pl\/index.php?rest_route=\/wp\/v2\/pages\/92\/revisions"}],"predecessor-version":[{"id":460,"href":"https:\/\/magnum-znin.pl\/index.php?rest_route=\/wp\/v2\/pages\/92\/revisions\/460"}],"wp:attachment":[{"href":"https:\/\/magnum-znin.pl\/index.php?rest_route=%2Fwp%2Fv2%2Fmedia&parent=92"}],"curies":[{"name":"wp","href":"https:\/\/api.w.org\/{rel}","templated":true}]}}